{"id":9784,"date":"2020-12-12T10:51:19","date_gmt":"2020-12-12T10:51:19","guid":{"rendered":"https:\/\/swiss-chalet.ch\/?page_id=9784"},"modified":"2026-04-06T08:54:31","modified_gmt":"2026-04-06T08:54:31","slug":"restaurant-swiss-chalet","status":"publish","type":"page","link":"https:\/\/swiss-chalet.ch\/en\/essen\/restaurant-swiss-chalet\/","title":{"rendered":"Restaurant Swiss-Chalet"},"content":{"rendered":"<p style=\"text-align: center;\">In the restaurant Swiss-Chalet you can expect the finest Swiss cuisine and our classics. Whenever possible, the dishes are prepared with products from the region or Switzerland. Our wine list has been awarded with the Swiss Wine List Award.<\/p>\n<h3 style=\"text-align: center;\"><strong>Our opening hours<\/strong><\/h3>\n<p style=\"text-align: center;\"><span style=\"color: #000000;\"><strong>Daily 6.30 a.m. until 10.30 a.m.<br \/>\nEvening from 4 o&#8217;clock p.m. until 11 o&#8217;clock p.m.<\/strong><\/span><\/p>\n<p>&nbsp;<\/p>\n<p style=\"text-align: center;\">Our dishes are made with fresh and, if possible, regional products. We are proud to be a distinguished member of the Caveau de Sabrage of the Confr\u00e9rie du Sabre d&#8217;Or, as well as a participating establishment of &#8220;\u00e4cht SCHWYZ&#8221;.<\/p>\n<p style=\"text-align: center;\">Our wine list has been awarded with the Swiss Wine List Award. All our wines are stored in the unique wine cellar in the restaurant Swiss-Chalet. The wine cellar can be booked for aperitifs with smaller groups or for a romantic t\u00eate-\u00e0-t\u00eate.<\/p>\n<p style=\"text-align: center;\">We look forward to your visit.<\/p>\n<p style=\"text-align: center;\"><a href=\"https:\/\/swiss-chalet.ch\/wp-content\/uploads\/2025\/04\/Weinkarte_English.pdf\">\u00a0    <a class=\"the-button dark\" href=\"https:\/\/swiss-chalet.ch\/wp-content\/uploads\/2026\/03\/Speisekarte-Fruehling_26-Englisch-1.pdf\" target=\"_blank\">MENU<\/a>\n\t<\/a><a href=\"https:\/\/swiss-chalet.ch\/wp-content\/uploads\/2025\/04\/Weinkarte_English.pdf\">     <a class=\"the-button dark\" href=\"https:\/\/swiss-chalet.ch\/wp-content\/uploads\/2025\/03\/Kinderspeisekarte_English.pdf\" target=\"_blank\">KIDS MENU<\/a>\n\t     <a class=\"the-button dark\" href=\"https:\/\/swiss-chalet.ch\/wp-content\/uploads\/2026\/01\/Weinkarte_Restaurant_Swiss-Chalet_06.03.26_engl.pdf\" target=\"_blank\">WINELIST<\/a>\n\t<\/a><\/p>\n<p style=\"text-align: center;\"><a href=\"https:\/\/swiss-chalet.ch\/wp-content\/uploads\/2025\/10\/Design-ohne-Titel.png\"><img loading=\"lazy\" decoding=\"async\" class=\"size-full wp-image-48672 aligncenter\" src=\"https:\/\/swiss-chalet.ch\/wp-content\/uploads\/2025\/10\/Design-ohne-Titel.png\" alt=\"\" width=\"180\" height=\"150\" \/><\/a><\/p>\n<p style=\"text-align: center;\">    <a class=\"the-button dark\" href=\"https:\/\/swiss-chalet.ch\/essen\/tisch-reservieren\/\" target=\"_blank\">BOOK A TABLE<\/a>\n\t<\/p>\n<p style=\"text-align: center;\">Phone number: +41 41 854 54 54<br \/>\nEmail: info@swiss-chalet.ch<\/p>\n","protected":false},"excerpt":{"rendered":"<p>In the restaurant Swiss-Chalet you can expect the finest Swiss cuisine and our classics. Whenever possible, the dishes are prepared with products from the region or Switzerland. Our wine list has been awarded with the Swiss Wine List Award. Our opening hours Daily 6.30 a.m. until 10.30 a.m. Evening from 4 o&#8217;clock p.m. until 11 [&hellip;]<\/p>\n","protected":false},"author":1,"featured_media":11141,"parent":291,"menu_order":0,"comment_status":"closed","ping_status":"closed","template":"","meta":{"footnotes":""},"class_list":["post-9784","page","type-page","status-publish","has-post-thumbnail","hentry"],"_links":{"self":[{"href":"https:\/\/swiss-chalet.ch\/en\/wp-json\/wp\/v2\/pages\/9784"}],"collection":[{"href":"https:\/\/swiss-chalet.ch\/en\/wp-json\/wp\/v2\/pages"}],"about":[{"href":"https:\/\/swiss-chalet.ch\/en\/wp-json\/wp\/v2\/types\/page"}],"author":[{"embeddable":true,"href":"https:\/\/swiss-chalet.ch\/en\/wp-json\/wp\/v2\/users\/1"}],"replies":[{"embeddable":true,"href":"https:\/\/swiss-chalet.ch\/en\/wp-json\/wp\/v2\/comments?post=9784"}],"version-history":[{"count":107,"href":"https:\/\/swiss-chalet.ch\/en\/wp-json\/wp\/v2\/pages\/9784\/revisions"}],"predecessor-version":[{"id":48892,"href":"https:\/\/swiss-chalet.ch\/en\/wp-json\/wp\/v2\/pages\/9784\/revisions\/48892"}],"up":[{"embeddable":true,"href":"https:\/\/swiss-chalet.ch\/en\/wp-json\/wp\/v2\/pages\/291"}],"wp:featuredmedia":[{"embeddable":true,"href":"https:\/\/swiss-chalet.ch\/en\/wp-json\/wp\/v2\/media\/11141"}],"wp:attachment":[{"href":"https:\/\/swiss-chalet.ch\/en\/wp-json\/wp\/v2\/media?parent=9784"}],"curies":[{"name":"wp","href":"https:\/\/api.w.org\/{rel}","templated":true}]}}