{"id":5351,"date":"2018-05-03T18:19:31","date_gmt":"2018-05-03T18:19:31","guid":{"rendered":"http:\/\/swiss-chalet.ch\/hotels\/swiss-chalet\/standard-zimmer\/"},"modified":"2021-06-06T15:05:18","modified_gmt":"2021-06-06T15:05:18","slug":"standard-zimmer","status":"publish","type":"page","link":"https:\/\/swiss-chalet.ch\/en\/uebernachten\/historic-chalet-hotel-lodge\/standard-zimmer\/","title":{"rendered":"Standard Doppelzimmer"},"content":{"rendered":"<p style=\"text-align: center;\">N\u00e4chtigen Sie wie Wilhelm Tell in urspr\u00fcnglichen Zimmern mit Karomuster in den Schweizer Farben, rot &amp; weiss. Hier nutzen Sie die Parkpl\u00e4tze kostenfrei, wenn sie bei uns direkt buchen. Dies als kleines Dankesch\u00f6n. Ansonsten kostet der Parkplatz CHF 5.- pro Nacht.<\/p>\n<p style=\"line-height: 16.05pt; vertical-align: baseline; margin: 0cm 0cm 7.5pt; background: white none repeat scroll 0% 0%; text-align: center;\">Das Swiss-Chalet Restaurant sowie die Chalet-Bar\u00a0befinden sich im gleichen Geb\u00e4ude in welchem ebenfalls das reichhaltige Fr\u00fchst\u00fccksb\u00fcffet von 07.00 &#8211; 10.00 Uhr serviert wird.\u00a0Check-in &amp; Check out ist im Schloss-Hotel.<span style=\"font-size: 11.5pt; font-family: 'Arial',sans-serif; color: #333333;\"><br \/>\n<\/span><\/p>\n<p style=\"line-height: 16.05pt; vertical-align: baseline; margin: 0cm 0cm 7.5pt; background: white none repeat scroll 0% 0%; text-align: center;\">    <a class=\"the-button dark\" href=\"\/hotels\/direkt-buchen\/\" target=\"_blank\">DIREKT BUCHEN - IHRE VORTEILE<\/a>\n\t\u00a0    <a class=\"the-button dark\" href=\"http:\/\/swiss-chalet.ch\/protel\/#\/hotelbooking\" target=\"_blank\">ONLINE BOOKING<\/a>\n\t<\/p>\n<hr \/>\n<p style=\"text-align: center;\"><b>Zimmerausstattung<\/b><\/p>\n<p style=\"text-align: center;\">Kostenfreier WLAN Zugang (Swisscom PWLAN), Safe, Telefon &amp; Flat-TV<\/p>\n<p style=\"text-align: center;\"><strong>Standard Zimmer<\/strong><br \/>\n\u2022 8\u00a0Zimmer<br \/>\n\u2022\u00a02 Einzelbetten<br \/>\n\u2022\u00a0Dusche und WC\u00a0im Zimmer<\/p>\n","protected":false},"excerpt":{"rendered":"<p>N\u00e4chtigen Sie wie Wilhelm Tell in urspr\u00fcnglichen Zimmern mit Karomuster in den Schweizer Farben, rot &amp; weiss. Hier nutzen Sie die Parkpl\u00e4tze kostenfrei, wenn sie bei uns direkt buchen. Dies als kleines Dankesch\u00f6n. Ansonsten kostet der Parkplatz CHF 5.- pro Nacht. Das Swiss-Chalet Restaurant sowie die Chalet-Bar\u00a0befinden sich im gleichen Geb\u00e4ude in welchem ebenfalls das [&hellip;]<\/p>\n","protected":false},"author":1,"featured_media":8797,"parent":286,"menu_order":0,"comment_status":"closed","ping_status":"closed","template":"","meta":{"footnotes":""},"class_list":["post-5351","page","type-page","status-publish","has-post-thumbnail","hentry"],"_links":{"self":[{"href":"https:\/\/swiss-chalet.ch\/en\/wp-json\/wp\/v2\/pages\/5351"}],"collection":[{"href":"https:\/\/swiss-chalet.ch\/en\/wp-json\/wp\/v2\/pages"}],"about":[{"href":"https:\/\/swiss-chalet.ch\/en\/wp-json\/wp\/v2\/types\/page"}],"author":[{"embeddable":true,"href":"https:\/\/swiss-chalet.ch\/en\/wp-json\/wp\/v2\/users\/1"}],"replies":[{"embeddable":true,"href":"https:\/\/swiss-chalet.ch\/en\/wp-json\/wp\/v2\/comments?post=5351"}],"version-history":[{"count":5,"href":"https:\/\/swiss-chalet.ch\/en\/wp-json\/wp\/v2\/pages\/5351\/revisions"}],"predecessor-version":[{"id":11050,"href":"https:\/\/swiss-chalet.ch\/en\/wp-json\/wp\/v2\/pages\/5351\/revisions\/11050"}],"up":[{"embeddable":true,"href":"https:\/\/swiss-chalet.ch\/en\/wp-json\/wp\/v2\/pages\/286"}],"wp:featuredmedia":[{"embeddable":true,"href":"https:\/\/swiss-chalet.ch\/en\/wp-json\/wp\/v2\/media\/8797"}],"wp:attachment":[{"href":"https:\/\/swiss-chalet.ch\/en\/wp-json\/wp\/v2\/media?parent=5351"}],"curies":[{"name":"wp","href":"https:\/\/api.w.org\/{rel}","templated":true}]}}