{"id":47887,"date":"2024-10-10T14:01:28","date_gmt":"2024-10-10T14:01:28","guid":{"rendered":"https:\/\/swiss-chalet.ch\/?page_id=47887"},"modified":"2024-10-10T14:05:26","modified_gmt":"2024-10-10T14:05:26","slug":"weihnachten-im-swiss-chalet","status":"publish","type":"page","link":"https:\/\/swiss-chalet.ch\/en\/weihnachten-im-swiss-chalet\/","title":{"rendered":"Weihnachten im Swiss-Chalet"},"content":{"rendered":"<h2 style=\"text-align: center;\">Gen\u00fcssliches Festmen\u00fc in 4 G\u00e4ngen<br \/>\nan den Weihnachtsfeiertagen<\/h2>\n<p style=\"text-align: center;\">Winterliche Zutaten und festliche Kombinationen erwarten Sie als Festmen\u00fc an den Weihnachtstagen. Gerne k\u00f6nnen Sie sich ebenfalls Ihre Lieblingsgerichte von unserer Klassikerkarte ausw\u00e4hlen. Verbringen Sie einen entspannten Weihnachtsabend in den sch\u00f6nen R\u00e4umlichkeiten des Restaurant Swiss-Chalet.<\/p>\n<p style=\"text-align: center;\"><strong>Gerne nehmen wir Ihre Reservation entgegen<\/strong><br \/>\n<strong>info@swiss-chalet.ch oder +41 41 854 54 54<\/strong><\/p>\n<p style=\"text-align: center;\"><strong>Konditionen<\/strong><br \/>\nBei der Reservation ben\u00f6tigen wir die Angaben einer Kreditkarte. Damit ist Ihre Reservation verbindlich. Stornierungsbedinungen: 10 Tage vor Ankunft kostenlos, danach wird bei Absage oder Nichterscheinen pro Person CHF 50.00 Unkostenbeitrag verrechnet.<\/p>\n<p style=\"text-align: center;\">\n","protected":false},"excerpt":{"rendered":"<p>Gen\u00fcssliches Festmen\u00fc in 4 G\u00e4ngen an den Weihnachtsfeiertagen Winterliche Zutaten und festliche Kombinationen erwarten Sie als Festmen\u00fc an den Weihnachtstagen. Gerne k\u00f6nnen Sie sich ebenfalls Ihre Lieblingsgerichte von unserer Klassikerkarte ausw\u00e4hlen. Verbringen Sie einen entspannten Weihnachtsabend in den sch\u00f6nen R\u00e4umlichkeiten des Restaurant Swiss-Chalet. Gerne nehmen wir Ihre Reservation entgegen info@swiss-chalet.ch oder +41 41 854 54 [&hellip;]<\/p>\n","protected":false},"author":1,"featured_media":12075,"parent":0,"menu_order":0,"comment_status":"closed","ping_status":"closed","template":"","meta":{"footnotes":""},"class_list":["post-47887","page","type-page","status-publish","has-post-thumbnail","hentry"],"_links":{"self":[{"href":"https:\/\/swiss-chalet.ch\/en\/wp-json\/wp\/v2\/pages\/47887"}],"collection":[{"href":"https:\/\/swiss-chalet.ch\/en\/wp-json\/wp\/v2\/pages"}],"about":[{"href":"https:\/\/swiss-chalet.ch\/en\/wp-json\/wp\/v2\/types\/page"}],"author":[{"embeddable":true,"href":"https:\/\/swiss-chalet.ch\/en\/wp-json\/wp\/v2\/users\/1"}],"replies":[{"embeddable":true,"href":"https:\/\/swiss-chalet.ch\/en\/wp-json\/wp\/v2\/comments?post=47887"}],"version-history":[{"count":2,"href":"https:\/\/swiss-chalet.ch\/en\/wp-json\/wp\/v2\/pages\/47887\/revisions"}],"predecessor-version":[{"id":47889,"href":"https:\/\/swiss-chalet.ch\/en\/wp-json\/wp\/v2\/pages\/47887\/revisions\/47889"}],"wp:featuredmedia":[{"embeddable":true,"href":"https:\/\/swiss-chalet.ch\/en\/wp-json\/wp\/v2\/media\/12075"}],"wp:attachment":[{"href":"https:\/\/swiss-chalet.ch\/en\/wp-json\/wp\/v2\/media?parent=47887"}],"curies":[{"name":"wp","href":"https:\/\/api.w.org\/{rel}","templated":true}]}}