{"id":294,"date":"2015-11-26T15:13:38","date_gmt":"2015-11-26T15:13:38","guid":{"rendered":"http:\/\/swiss-chalet.ch\/restaurants-bar\/swiss-chalet-brante\/"},"modified":"2020-07-10T08:23:17","modified_gmt":"2020-07-10T08:23:17","slug":"sc-restaurant","status":"publish","type":"page","link":"https:\/\/swiss-chalet.ch\/en\/essen\/sc-restaurant\/","title":{"rendered":"SWISS-CHALET RESTAURANT"},"content":{"rendered":"<p>In the Swiss-Chalet Restaurant the meat plays the leading role! The offer consists of high-quality meat from the grill with side dishes at your choice. The proven classics such as the Muotathaler calf\u2019s liver, the beef burger and a selection of different tatars (meat, fish &amp; vegetarian). The dishes are prepared with fresh and preferably regional products. If you like to take a culinary journey, enjoy our Swiss-Chalet menu with vegetarian alternative in three to five courses.<\/p>\n<p>On two floors and four different Stuben the cosy ambience invites you to linger. More than 20 cherry brands from the region are waiting to be sampled.<\/p>\n<p>We are proud to be a distinguished member of the Confr\u00e9rie de la Cha\u00eene des R\u00f4tisseurs, Caveau de Sabrage of the Confr\u00e9rie du Sabre d\u2019Or as well as a participant of \u201c\u00e4cht SCHWYZ\u201d.<\/p>\n    <a class=\"the-button dark\" href=\"\/en\/gastronomie\/tatar-tag\/\/\/\/\" target=\"_blank\">DUNNSCHTIG ISCH TATAR TAG<\/a>\n\t\n<p>.<\/p>\n<p>The opening hours of the Swiss-Chalet Restaurant are Mon-Fry 6.30 a.m. \u2013 2 p.m. \/ \u00a05.30 p.m. \u2013 11 p.m. and Sat-Sun 6.30 a.m. \u2013 11 p.m.<\/p>\n<p style=\"text-align: justify;\">In summer time we serve our\u00a0dishes as well as the breakfast on the terrace in front of the Swiss-Chalet.<\/p>\n<p><a href=\"http:\/\/swiss-chalet.ch\/wp-content\/uploads\/2015\/12\/Terrasse-Br\u00e4nte-klein.jpg\"><img loading=\"lazy\" decoding=\"async\" class=\"alignnone size-medium wp-image-1199\" src=\"http:\/\/swiss-chalet.ch\/wp-content\/uploads\/2015\/12\/Terrasse-Br\u00e4nte-klein-300x189.jpg\" alt=\"Terrasse Br\u00e4nte klein\" width=\"300\" height=\"189\" srcset=\"https:\/\/swiss-chalet.ch\/wp-content\/uploads\/2015\/12\/Terrasse-Br\u00e4nte-klein-300x189.jpg 300w, https:\/\/swiss-chalet.ch\/wp-content\/uploads\/2015\/12\/Terrasse-Br\u00e4nte-klein.jpg 989w\" sizes=\"(max-width: 300px) 100vw, 300px\" \/><\/a><a href=\"http:\/\/www.aecht-schwyz.ch\"><img loading=\"lazy\" decoding=\"async\" class=\"alignnone wp-image-1592 size-medium\" src=\"http:\/\/swiss-chalet.ch\/wp-content\/uploads\/2016\/01\/\u00e4cht-Schwyz-300x189.jpg\" alt=\"\u00e4cht Schwyz\" width=\"300\" height=\"189\" \/><\/a><\/p>\n<p>    <a class=\"the-button dark\" href=\"\/document\/speisekarte-en\/\" target=\"_blank\">MENU<\/a>\n\t\u00a0    <a class=\"the-button dark\" href=\"\/document\/speisekarte-nachmittag-en\/\" target=\"_blank\">AFTERNOON MENU<\/a>\n\t     <a class=\"the-button dark\" href=\"\/document\/weinkarte-en\/\" target=\"_blank\">WINE LIST<\/a>\n\t     <a class=\"the-button dark\" href=\"\/document\/kinderkarte-en\/\" target=\"_blank\">KIDS MENU<\/a>\n\t    <a class=\"the-button dark\" href=\"\/EN\/chalet-events\/chalet-news\/\" target=\"_blank\">SWISS-CHALET EVENTS<\/a>\n\t<\/p>\n    <!-- Start Foratable Code -->\n    <iframe loading=\"lazy\" style=\"border:0\" width=\"100%\" height=\"1100\" scrolling=\"no\" border=\"0\"\n            src=\" https:\/\/www.foratable.com\/reserve\/restaurant\/29a2be36d0e800161d227704316c0c4b#\/table\"><\/iframe>\n    <!-- End Foratable Code -->\n\t\n","protected":false},"excerpt":{"rendered":"<p>In the Swiss-Chalet Restaurant the meat plays the leading role! The offer consists of high-quality meat from the grill with side dishes at your choice. The proven classics such as the Muotathaler calf\u2019s liver, the beef burger and a selection of different tatars (meat, fish &amp; vegetarian). The dishes are prepared with fresh and preferably [&hellip;]<\/p>\n","protected":false},"author":1,"featured_media":267,"parent":291,"menu_order":0,"comment_status":"closed","ping_status":"closed","template":"","meta":{"footnotes":""},"class_list":["post-294","page","type-page","status-publish","has-post-thumbnail","hentry"],"_links":{"self":[{"href":"https:\/\/swiss-chalet.ch\/en\/wp-json\/wp\/v2\/pages\/294"}],"collection":[{"href":"https:\/\/swiss-chalet.ch\/en\/wp-json\/wp\/v2\/pages"}],"about":[{"href":"https:\/\/swiss-chalet.ch\/en\/wp-json\/wp\/v2\/types\/page"}],"author":[{"embeddable":true,"href":"https:\/\/swiss-chalet.ch\/en\/wp-json\/wp\/v2\/users\/1"}],"replies":[{"embeddable":true,"href":"https:\/\/swiss-chalet.ch\/en\/wp-json\/wp\/v2\/comments?post=294"}],"version-history":[{"count":99,"href":"https:\/\/swiss-chalet.ch\/en\/wp-json\/wp\/v2\/pages\/294\/revisions"}],"predecessor-version":[{"id":9062,"href":"https:\/\/swiss-chalet.ch\/en\/wp-json\/wp\/v2\/pages\/294\/revisions\/9062"}],"up":[{"embeddable":true,"href":"https:\/\/swiss-chalet.ch\/en\/wp-json\/wp\/v2\/pages\/291"}],"wp:featuredmedia":[{"embeddable":true,"href":"https:\/\/swiss-chalet.ch\/en\/wp-json\/wp\/v2\/media\/267"}],"wp:attachment":[{"href":"https:\/\/swiss-chalet.ch\/en\/wp-json\/wp\/v2\/media?parent=294"}],"curies":[{"name":"wp","href":"https:\/\/api.w.org\/{rel}","templated":true}]}}